{"id":44,"date":"2018-08-20T15:45:33","date_gmt":"2018-08-20T15:45:33","guid":{"rendered":"http:\/\/indian-tandoori.de\/?page_id=44"},"modified":"2021-03-11T10:16:43","modified_gmt":"2021-03-11T10:16:43","slug":"imprint","status":"publish","type":"page","link":"http:\/\/indian-tandoori.de\/en\/imprint\/","title":{"rendered":"Imprint"},"content":{"rendered":"<p>Name: Indian Tandoori | Indian Events GmbH &amp; Co. KG<br \/>\nStra\u00dfe: Neutorstr. 19<br \/>\nPLZ und Ort: 55116 Mainz<br \/>\nLand: Deutschland<br \/>\nName des Gesch\u00e4ftsf\u00fchrer: Harbans Kakkor<br \/>\nTelefon: +4961313807397<br \/>\nE-Mail: info@indian-events.de<br \/>\nRegistergericht (optional): Amtsgericht Mainz<br \/>\nUmsatzsteuer-Identifikationsnummer gem. \u00a7 27a UStG: 26\/200\/15300<\/p>","protected":false},"excerpt":{"rendered":"<p>Name: Indian Tandoori | Indian Events GmbH &amp; Co. KG Stra\u00dfe: Neutorstr. 19 PLZ und Ort: 55116 Mainz Land: Deutschland Name des Gesch\u00e4ftsf\u00fchrer: Harbans Kakkor Telefon: +4961313807397 E-Mail: info@indian-events.de Registergericht (optional): Amtsgericht Mainz Umsatzsteuer-Identifikationsnummer gem. \u00a7 27a UStG: 26\/200\/15300<\/p>\n","protected":false},"author":1,"featured_media":0,"parent":0,"menu_order":0,"comment_status":"closed","ping_status":"closed","template":"","meta":[],"_links":{"self":[{"href":"http:\/\/indian-tandoori.de\/en\/wp-json\/wp\/v2\/pages\/44"}],"collection":[{"href":"http:\/\/indian-tandoori.de\/en\/wp-json\/wp\/v2\/pages"}],"about":[{"href":"http:\/\/indian-tandoori.de\/en\/wp-json\/wp\/v2\/types\/page"}],"author":[{"embeddable":true,"href":"http:\/\/indian-tandoori.de\/en\/wp-json\/wp\/v2\/users\/1"}],"replies":[{"embeddable":true,"href":"http:\/\/indian-tandoori.de\/en\/wp-json\/wp\/v2\/comments?post=44"}],"version-history":[{"count":6,"href":"http:\/\/indian-tandoori.de\/en\/wp-json\/wp\/v2\/pages\/44\/revisions"}],"predecessor-version":[{"id":968,"href":"http:\/\/indian-tandoori.de\/en\/wp-json\/wp\/v2\/pages\/44\/revisions\/968"}],"wp:attachment":[{"href":"http:\/\/indian-tandoori.de\/en\/wp-json\/wp\/v2\/media?parent=44"}],"curies":[{"name":"wp","href":"https:\/\/api.w.org\/{rel}","templated":true}]}}